{"id":1855,"date":"2018-08-29T10:09:54","date_gmt":"2018-08-29T10:09:54","guid":{"rendered":"http:\/\/192.168.1.114\/havnor-demo\/corporate\/?page_id=1855"},"modified":"2021-07-14T10:24:39","modified_gmt":"2021-07-14T13:24:39","slug":"nossos-servicos","status":"publish","type":"page","link":"https:\/\/supportcargo.com.br\/index.php\/nossos-servicos\/","title":{"rendered":"Nossos Servi\u00e7os"},"content":{"rendered":"<p>[vc_row overlay_dotted=&#8221;&#8221; css=&#8221;.vc_custom_1545798303176{padding-top: 11% !important;padding-bottom: 8% !important;}&#8221;][vc_column width=&#8221;1\/2&#8243; offset=&#8221;vc_col-lg-3 vc_col-md-3&#8243;][vc_single_image image=&#8221;5415&#8243; img_size=&#8221;full&#8221; alignment=&#8221;center&#8221;][vc_single_image image=&#8221;5429&#8243; img_size=&#8221;full&#8221; alignment=&#8221;center&#8221;][\/vc_column][vc_column width=&#8221;1\/2&#8243; offset=&#8221;vc_col-lg-3 vc_col-md-3&#8243;][vc_single_image image=&#8221;5430&#8243; img_size=&#8221;full&#8221; alignment=&#8221;center&#8221;][vc_single_image image=&#8221;5428&#8243; img_size=&#8221;full&#8221; alignment=&#8221;center&#8221;][\/vc_column][vc_column text_alignment=&#8221;text-left&#8221; css=&#8221;.vc_custom_1537183900305{padding-top: 6% !important;padding-left: 6% !important;}&#8221; offset=&#8221;vc_col-lg-6 vc_col-md-6&#8243;][vc_row_inner][vc_column_inner]<div class=\"hanor-section-title section-title-one hanor-stitle-69f1635987130-servicos-com-qualidade-e-eficiencia cpation-left \"><h2 class=\"section-title\">Servi\u00e7os com Qualidade e Efici\u00eancia<\/h2><\/div>[vc_column_text css=&#8221;.vc_custom_1568046182654{margin-bottom: 0px !important;}&#8221;]Os testemunhos de alguns de nossos clientes podem identificar o que entendemos por um servi\u00e7o de qualidade, com total efici\u00eancia. Temos como principal objetivo o atender bem, proporcionando tranquilidade e seguran\u00e7a para todos aqueles que nos contratam.<\/p>\n<p>Nossa experi\u00eancia e tradi\u00e7\u00e3o, com anos no mercado de Com\u00e9rcio Exterior, nos possibilita a ter em m\u00e3os, um conjunto de a\u00e7\u00f5es, para sempre estar oferecendo o melhor![\/vc_column_text][\/vc_column_inner][\/vc_row_inner][\/vc_column][\/vc_row][vc_row full_width=&#8221;stretch_row_content_no_spaces&#8221; overlay_dotted=&#8221;&#8221;][vc_column][vc_separator color=&#8221;custom&#8221; accent_color=&#8221;#dddddd&#8221;][\/vc_column][\/vc_row][vc_row full_width=&#8221;stretch_row&#8221; overlay_dotted=&#8221;&#8221; css=&#8221;.vc_custom_1545798335271{margin-top: 1% !important;padding-top: 6% !important;padding-bottom: 11% !important;}&#8221;][vc_column]<div class=\"hanor-section-title section-title-one hanor-stitle-69f163598718c-nossos-servicos cpation-center \"><h2 class=\"section-title\">NOSSOS SERVI\u00c7OS<\/h2><\/div><div class=\"hanor-feature featured-style-one hanor-featured-content-69f16359871d8\">\n                <div class=\"featured-wrap\"><div class=\"row\"><div class=\"col-lg-4 col-md-4 col-sm-6\"><a href=\"#0\" target=\"_blank\"><div class=\"featured-item\"><div class=\"hanor-image\"><img src=\"https:\/\/supportcargo.com.br\/wp-content\/uploads\/2021\/07\/7.png\" alt=\"\"><\/div><div class=\"featured-content-wrap\"><div class=\"featured-title\">COTA\u00c7\u00c3O PARA CARGA MAR\u00cdTIMA<\/div><\/div><\/div><\/a><\/div><div class=\"col-lg-4 col-md-4 col-sm-6\"><div class=\"featured-item\"><div class=\"hanor-image\"><img src=\"https:\/\/supportcargo.com.br\/wp-content\/uploads\/2021\/07\/5-1.png\" alt=\"\"><\/div><div class=\"featured-content-wrap\"><div class=\"featured-title\">AGENCIAMENTO DE CARGAS A\u00c9REAS<\/div><\/div><\/div><\/div><div class=\"col-lg-4 col-md-4 col-sm-6\"><a href=\"#0\" target=\"_blank\"><div class=\"featured-item\"><div class=\"hanor-image\"><img src=\"https:\/\/supportcargo.com.br\/wp-content\/uploads\/2021\/07\/3.png\" alt=\"\"><\/div><div class=\"featured-content-wrap\"><div class=\"featured-title\">DESEMBARA\u00c7O ADUANEIRO PARA EXPORTA\u00c7\u00c3O E IMPORTA\u00c7\u00c3O<\/div><\/div><\/div><\/a><\/div><div class=\"col-lg-4 col-md-4 col-sm-6\"><a href=\"#0\" target=\"_blank\"><div class=\"featured-item\"><div class=\"hanor-image\"><img src=\"https:\/\/supportcargo.com.br\/wp-content\/uploads\/2021\/07\/4.png\" alt=\"\"><\/div><div class=\"featured-content-wrap\"><div class=\"featured-title\">SEGURO INTERNACIONAL<\/div><\/div><\/div><\/a><\/div><div class=\"col-lg-4 col-md-4 col-sm-6\"><a href=\"#0\" target=\"_blank\"><div class=\"featured-item\"><div class=\"hanor-image\"><img src=\"https:\/\/supportcargo.com.br\/wp-content\/uploads\/2019\/08\/1k.jpg\" alt=\"\"><\/div><div class=\"featured-content-wrap\"><div class=\"featured-title\">DOCUMENTA\u00c7\u00c3O PARA CREDENCIAMENTO NO RADAR DA RECEITA FEDERAL\u200b<\/div><\/div><\/div><\/a><\/div><div class=\"col-lg-4 col-md-4 col-sm-6\"><a href=\"#0\" target=\"_blank\"><div class=\"featured-item\"><div class=\"hanor-image\"><img src=\"https:\/\/supportcargo.com.br\/wp-content\/uploads\/2021\/07\/6.png\" alt=\"\"><\/div><div class=\"featured-content-wrap\"><div class=\"featured-title\">PROCESSO DE BAGAGEM DESACOMPANHADA<\/div><\/div><\/div><\/a><\/div><\/div><\/div><\/div>[\/vc_column][\/vc_row][vc_row full_width=&#8221;stretch_row&#8221; overlay_dotted=&#8221;&#8221; css=&#8221;.vc_custom_1545798424979{padding-top: 2% !important;padding-bottom: 5% !important;background-color: #6e45e3 !important;}&#8221;][vc_column]  <div class=\"hanor-testimonials testimonials-style-five hanor-testi-carousel-69f16359894ba\">\n             <h2>O que nossos Clientes dizem de Nossos Servi\u00e7os<\/h2>\n         <div class=\"owl-carousel\" data-loop=\"true\" data-items=\"2\" data-margin=\"0\" data-dots=\"false\" data-nav=\"true\"     data-mouse-drag=\"true\"   data-items-tablet=\"1\" data-items-mobile-landscape=\"1\" data-items-mobile-portrait=\"1\" data-rtl=\"false\">\n        <div class=\"item\">\n      <div class=\"hanor-container\">\n        <div class=\"testimonial-author-image \">\n                  <\/div>\n        <div class=\"testimonial-author-quote \">\n          <div class=\"testimonial-author\">\n            <h4 class=\"testimonial-author-name\"><span>Pro Hair &#8211; Angola<\/span><\/h4>\n          <\/div>\n          <p>Minha empresa \u00e9 sediada em Angola e h\u00e1 mais de 15 anos somos parceiros da Support Cargo, n\u00e3o s\u00f3 pela confian\u00e7a que temos no grupo, mas tamb\u00e9m pela efici\u00eancia e a qualidade! Se queres uma empresa que cuide das tuas importa\u00e7\u00f5es e exporta\u00e7\u00f5es, que seja din\u00e2mica, confi\u00e1vel e segura, entre aos cuidados da Support Cargo!<\/p>\n<p>Nos somos felizes com esta parceria de uma vida e voc\u00ea tamb\u00e9m pode usufruir disto.<\/p>\n<p>Pro Hair &#8211; Angola<\/p>\n<p>&nbsp;<\/p>\n        <\/div>\n      <\/div>\n    <\/div>\n        <div class=\"item\">\n      <div class=\"hanor-container\">\n        <div class=\"testimonial-author-image \">\n                  <\/div>\n        <div class=\"testimonial-author-quote \">\n          <div class=\"testimonial-author\">\n            <h4 class=\"testimonial-author-name\"><span>Eliton Luiz Schumacker<\/span><\/h4>\n          <\/div>\n          <p>\u201cEmpresa s\u00e9ria, confi\u00e1vel e com compromisso com o cliente.<br \/>\nEm mais de 10 anos, nunca tivemos nenhum problema com log\u00edstica ou documenta\u00e7\u00e3o de nossos processos de exporta\u00e7\u00e3o para Angola\u201d<\/p>\n<p>Eliton Luiz Schumacker<br \/>\nProembarque_flash<\/p>\n<p>&nbsp;<\/p>\n        <\/div>\n      <\/div>\n    <\/div>\n        <div class=\"item\">\n      <div class=\"hanor-container\">\n        <div class=\"testimonial-author-image \">\n                  <\/div>\n        <div class=\"testimonial-author-quote \">\n          <div class=\"testimonial-author\">\n            <h4 class=\"testimonial-author-name\"><span>Amanda Antunes Machado<\/span><\/h4>\n          <\/div>\n          <p>A SUPPORT CARGO, vem realizando, h\u00e1 14 anos, uma parceria com a Massena Com\u00e9rcio Exterior ltda, trabalhando sempre com \u00e9tica, muita habilidade e compet\u00eancia profissional, no trato de envio e desembara\u00e7o de cargas, para muitos clientes localizados, principalmente, na \u00c1frica, Paraguai, dentre outros pa\u00edses.<\/p>\n<p>Amanda Antunes Machado &#8211; Massena Com\u00e9rcio Exterior Ltda.<\/p>\n        <\/div>\n      <\/div>\n    <\/div>\n        <\/div>\n    <\/div>\n\n[\/vc_column][\/vc_row]<\/p>\n","protected":false},"excerpt":{"rendered":"[vc_row overlay_dotted=&#8221;&#8221; css=&#8221;.vc_custom_1545798303176{padding-top: 11% !important;padding-bottom: 8% !important;}&#8221;][vc_column width=&#8221;1\/2&#8243; offset=&#8221;vc_col-lg-3 vc_col-md-3&#8243;][vc_single_image image=&#8221;5415&#8243; img_size=&#8221;full&#8221; alignment=&#8221;center&#8221;][vc_single_image image=&#8221;5429&#8243; img_size=&#8221;full&#8221; alignment=&#8221;center&#8221;][\/vc_column][vc_column width=&#8221;1\/2&#8243; offset=&#8221;vc_col-lg-3 vc_col-md-3&#8243;][vc_single_image image=&#8221;5430&#8243; img_size=&#8221;full&#8221; alignment=&#8221;center&#8221;][vc_single_image image=&#8221;5428&#8243; img_size=&#8221;full&#8221; alignment=&#8221;center&#8221;][\/vc_column][vc_column text_alignment=&#8221;text-left&#8221; css=&#8221;.vc_custom_1537183900305{padding-top: 6% !important;padding-left: 6% !important;}&#8221; offset=&#8221;vc_col-lg-6 vc_col-md-6&#8243;][vc_row_inner][vc_column_inner][vc_column_text css=&#8221;.vc_custom_1568046182654{margin-bottom: 0px !important;}&#8221;]Os testemunhos de alguns de nossos clientes podem identificar o que entendemos por um servi\u00e7o de qualidade, com total efici\u00eancia&#8230;.","protected":false},"author":2,"featured_media":0,"parent":0,"menu_order":0,"comment_status":"closed","ping_status":"closed","template":"","meta":[],"_links":{"self":[{"href":"https:\/\/supportcargo.com.br\/index.php\/wp-json\/wp\/v2\/pages\/1855"}],"collection":[{"href":"https:\/\/supportcargo.com.br\/index.php\/wp-json\/wp\/v2\/pages"}],"about":[{"href":"https:\/\/supportcargo.com.br\/index.php\/wp-json\/wp\/v2\/types\/page"}],"author":[{"embeddable":true,"href":"https:\/\/supportcargo.com.br\/index.php\/wp-json\/wp\/v2\/users\/2"}],"replies":[{"embeddable":true,"href":"https:\/\/supportcargo.com.br\/index.php\/wp-json\/wp\/v2\/comments?post=1855"}],"version-history":[{"count":12,"href":"https:\/\/supportcargo.com.br\/index.php\/wp-json\/wp\/v2\/pages\/1855\/revisions"}],"predecessor-version":[{"id":5434,"href":"https:\/\/supportcargo.com.br\/index.php\/wp-json\/wp\/v2\/pages\/1855\/revisions\/5434"}],"wp:attachment":[{"href":"https:\/\/supportcargo.com.br\/index.php\/wp-json\/wp\/v2\/media?parent=1855"}],"curies":[{"name":"wp","href":"https:\/\/api.w.org\/{rel}","templated":true}]}}