{"id":2693,"date":"2018-09-05T12:54:42","date_gmt":"2018-09-05T12:54:42","guid":{"rendered":"http:\/\/192.168.1.114\/havnor-demo\/corporate\/?page_id=2693"},"modified":"2019-08-05T16:33:26","modified_gmt":"2019-08-05T19:33:26","slug":"orcamento-de-servicos","status":"publish","type":"page","link":"https:\/\/supportcargo.com.br\/index.php\/orcamento-de-servicos\/","title":{"rendered":"Or\u00e7amento de Servi\u00e7os"},"content":{"rendered":"<p>[vc_row overlay_dotted=&#8221;&#8221; css=&#8221;.vc_custom_1545800634625{padding-top: 2% !important;padding-bottom: 2% !important;}&#8221;][vc_column offset=&#8221;vc_col-lg-4 vc_col-md-12&#8243; css=&#8221;.vc_custom_1543494962063{padding-top: 50px !important;}&#8221;][vc_column_text]<div id=\"hanor-widget-placeholder-2\" class=\"widget-opening-hours\"><div class=\"valuable-status-item  hanor-opening-list-69e73daa4b648 \"><h3 class=\"status-title\">Hor\u00e1rio de Funcionamento<\/h3><ul><li><div class=\"pull-left\">Segunda<\/div><div class=\"pull-right\">9.00 \u00e0s 17.00<\/div><\/li><li><div class=\"pull-left\">Ter\u00e7a <\/div><div class=\"pull-right\">9.00 \u00e0s 17.00<\/div><\/li><li><div class=\"pull-left\">Quarta <\/div><div class=\"pull-right\">9.00 \u00e0s 17.00<\/div><\/li><li><div class=\"pull-left\">Quinta <\/div><div class=\"pull-right\">9.00 \u00e0s 17.00<\/div><\/li><li><div class=\"pull-left\">Sexta <\/div><div class=\"pull-right\">9.00 \u00e0s 17.00<\/div><\/li><li><div class=\"pull-left\">Sab - Dom <\/div><div class=\"pull-right\">fechado<\/div><\/li><\/ul><\/div><\/div>[\/vc_column_text][\/vc_column][vc_column offset=&#8221;vc_col-lg-8 vc_col-md-12&#8243; css=&#8221;.vc_custom_1543494969676{padding-top: 50px !important;}&#8221;]<div class=\"hanor-section-title section-title-one hanor-stitle-69e73daa4b76b-formulario-de-servicos cpation-left \"><h2 class=\"section-title\">Formul\u00e1rio de Servi\u00e7os<\/h2><p>Para fazermos um or\u00e7amento para uma solicita\u00e7\u00e3o de algum dos nossos servi\u00e7os, por favor preencha e nos envie este formul\u00e1rio com os seus dados.<\/p><\/div><div class=\"hanor-form-wrap hanor-contact-69e73daa4b7d5 contact-wrap-style-wrap\">\n                  <div class=\"contact-form\">\n                    <div class=\"hanor-section-title\">\n                      \n                    <\/div>\n                    <div role=\"form\" class=\"wpcf7\" id=\"wpcf7-f2712-o1\" lang=\"en-US\" dir=\"ltr\">\n<div class=\"screen-reader-response\"><\/div>\n<form action=\"\/index.php\/wp-json\/wp\/v2\/pages\/2693#wpcf7-f2712-o1\" method=\"post\" class=\"wpcf7-form\" novalidate=\"novalidate\">\n<div style=\"display: none;\">\n<input type=\"hidden\" name=\"_wpcf7\" value=\"2712\" \/>\n<input type=\"hidden\" name=\"_wpcf7_version\" value=\"5.1.3\" \/>\n<input type=\"hidden\" name=\"_wpcf7_locale\" value=\"en_US\" \/>\n<input type=\"hidden\" name=\"_wpcf7_unit_tag\" value=\"wpcf7-f2712-o1\" \/>\n<input type=\"hidden\" name=\"_wpcf7_container_post\" value=\"0\" \/>\n<\/div>\n<div class=\"project-inquiry-form\">\n<div class=\"row\">\n<div class=\"col-md-6\"><span class=\"wpcf7-form-control-wrap first-name\"><input type=\"text\" name=\"first-name\" value=\"\" size=\"40\" class=\"wpcf7-form-control wpcf7-text wpcf7-validates-as-required\" aria-required=\"true\" aria-invalid=\"false\" placeholder=\"Nome\" \/><\/span><\/div>\n<div class=\"col-md-6\"><span class=\"wpcf7-form-control-wrap last-name\"><input type=\"text\" name=\"last-name\" value=\"\" size=\"40\" class=\"wpcf7-form-control wpcf7-text wpcf7-validates-as-required\" aria-required=\"true\" aria-invalid=\"false\" placeholder=\"Sobrenome\" \/><\/span><\/div>\n<div class=\"col-md-12\"><span class=\"wpcf7-form-control-wrap title-text\"><input type=\"text\" name=\"title-text\" value=\"\" size=\"40\" class=\"wpcf7-form-control wpcf7-text wpcf7-validates-as-required\" aria-required=\"true\" aria-invalid=\"false\" placeholder=\"Servi\u00e7o Solicitado\" \/><\/span><\/div>\n<div class=\"col-md-12\"><span class=\"wpcf7-form-control-wrap company-name\"><input type=\"text\" name=\"company-name\" value=\"\" size=\"40\" class=\"wpcf7-form-control wpcf7-text wpcf7-validates-as-required\" aria-required=\"true\" aria-invalid=\"false\" placeholder=\"Empresa ou Seu Nome\" \/><\/span><\/div>\n<div class=\"col-md-12\"><span class=\"wpcf7-form-control-wrap your-email\"><input type=\"email\" name=\"your-email\" value=\"\" size=\"40\" class=\"wpcf7-form-control wpcf7-text wpcf7-email wpcf7-validates-as-required wpcf7-validates-as-email\" aria-required=\"true\" aria-invalid=\"false\" placeholder=\"Email\" \/><\/span><\/div>\n<div class=\"col-md-12\"><span class=\"wpcf7-form-control-wrap phone-number\"><input type=\"text\" name=\"phone-number\" value=\"\" size=\"40\" class=\"wpcf7-form-control wpcf7-text wpcf7-validates-as-required\" aria-required=\"true\" aria-invalid=\"false\" placeholder=\"Telefone\" \/><\/span><\/div>\n<div class=\"col-md-12\"><span class=\"wpcf7-form-control-wrap your-subject\"><input type=\"text\" name=\"your-subject\" value=\"\" size=\"40\" class=\"wpcf7-form-control wpcf7-text wpcf7-validates-as-required\" aria-required=\"true\" aria-invalid=\"false\" placeholder=\"Assunto\" \/><\/span><\/div>\n<div class=\"col-md-12\"><span class=\"wpcf7-form-control-wrap your-message\"><textarea name=\"your-message\" cols=\"40\" rows=\"10\" class=\"wpcf7-form-control wpcf7-textarea\" aria-invalid=\"false\" placeholder=\"Mensagem\"><\/textarea><\/span><\/div>\n<div class=\"col-md-4\"><input type=\"submit\" value=\"Enviar\" class=\"wpcf7-form-control wpcf7-submit\" \/><\/div>\n<\/div>\n<\/div>\n<div class=\"wpcf7-response-output wpcf7-display-none\"><\/div><\/form><\/div>\n                  <\/div>\n                <\/div>[\/vc_column][\/vc_row]<\/p>\n","protected":false},"excerpt":{"rendered":"[vc_row overlay_dotted=&#8221;&#8221; css=&#8221;.vc_custom_1545800634625{padding-top: 2% !important;padding-bottom: 2% !important;}&#8221;][vc_column offset=&#8221;vc_col-lg-4 vc_col-md-12&#8243; css=&#8221;.vc_custom_1543494962063{padding-top: 50px !important;}&#8221;][vc_column_text][\/vc_column_text][\/vc_column][vc_column offset=&#8221;vc_col-lg-8 vc_col-md-12&#8243; css=&#8221;.vc_custom_1543494969676{padding-top: 50px !important;}&#8221;][\/vc_column][\/vc_row]","protected":false},"author":2,"featured_media":0,"parent":0,"menu_order":0,"comment_status":"closed","ping_status":"closed","template":"","meta":[],"_links":{"self":[{"href":"https:\/\/supportcargo.com.br\/index.php\/wp-json\/wp\/v2\/pages\/2693"}],"collection":[{"href":"https:\/\/supportcargo.com.br\/index.php\/wp-json\/wp\/v2\/pages"}],"about":[{"href":"https:\/\/supportcargo.com.br\/index.php\/wp-json\/wp\/v2\/types\/page"}],"author":[{"embeddable":true,"href":"https:\/\/supportcargo.com.br\/index.php\/wp-json\/wp\/v2\/users\/2"}],"replies":[{"embeddable":true,"href":"https:\/\/supportcargo.com.br\/index.php\/wp-json\/wp\/v2\/comments?post=2693"}],"version-history":[{"count":10,"href":"https:\/\/supportcargo.com.br\/index.php\/wp-json\/wp\/v2\/pages\/2693\/revisions"}],"predecessor-version":[{"id":5194,"href":"https:\/\/supportcargo.com.br\/index.php\/wp-json\/wp\/v2\/pages\/2693\/revisions\/5194"}],"wp:attachment":[{"href":"https:\/\/supportcargo.com.br\/index.php\/wp-json\/wp\/v2\/media?parent=2693"}],"curies":[{"name":"wp","href":"https:\/\/api.w.org\/{rel}","templated":true}]}}