{"id":393,"date":"2018-06-30T06:20:00","date_gmt":"2018-06-30T06:20:00","guid":{"rendered":"http:\/\/192.168.1.114\/havnor-demo\/corporate\/?page_id=393"},"modified":"2021-10-07T17:54:02","modified_gmt":"2021-10-07T20:54:02","slug":"home-startup","status":"publish","type":"page","link":"https:\/\/supportcargo.com.br\/","title":{"rendered":"Home"},"content":{"rendered":"<p>[vc_row full_width=&#8221;stretch_row&#8221; overlay_dotted=&#8221;&#8221; css=&#8221;.vc_custom_1567648638130{padding-top: 6% !important;background-color: #f9f9f9 !important;}&#8221;][vc_column text_alignment=&#8221;text-center&#8221; css=&#8221;.vc_custom_1567648747424{padding-left: 1px !important;}&#8221;]<div class=\"hanor-section-title section-title-one hanor-stitle-69fa3b29c37e9-tradicao-e-experiencia-em-agenciamento-de-cargas-atuando-em-todo-brasil cpation-center \"><h2 class=\"section-title\">Tradi\u00e7\u00e3o e Experi\u00eancia em Agenciamento de Cargas atuando em todo Brasil<\/h2><p>Com alta qualidade no atendimento, fornecemos informa\u00e7\u00f5es r\u00e1pidas e precisas, com a experi\u00eancia de quem atua no mercado h\u00e1 mais de 20 anos<\/p><\/div>[\/vc_column][\/vc_row][vc_row full_width=&#8221;stretch_row&#8221; overlay_dotted=&#8221;&#8221; css=&#8221;.vc_custom_1544009065903{background-color: #f9f9f9 !important;}&#8221;][vc_column offset=&#8221;vc_col-lg-6 vc_col-md-6&#8243;]<div class=\"experience-item hanor-item hanor-experience-69fa3b29c3853 \">\n                <div class=\"hanor-icon\"><i class=\"fa fa-users\"><\/i><\/div>\n                <div class=\"experience-info\"><h4 class=\"experience-title\">OFERECEMOS<\/h4><p>Oferecemos um atendimento transparente, com qualidade e agilidade, informando e atualizando cada etapa do referido embarque ao cliente<\/p><\/div>\n              <\/div>[\/vc_column][vc_column offset=&#8221;vc_col-lg-6 vc_col-md-6&#8243;]<div class=\"experience-item hanor-item hanor-experience-69fa3b29c387d \">\n                <div class=\"hanor-icon\"><i class=\"fa fa-check\"><\/i><\/div>\n                <div class=\"experience-info\"><h4 class=\"experience-title\">PROCEDIMENTO<\/h4><p>Temos muita aten\u00e7\u00e3o no Recebimento, conferencia e embalagem das cargas para que cheguem ao seu destino em perfeito estado<\/p><\/div>\n              <\/div>[\/vc_column][\/vc_row][vc_row full_width=&#8221;stretch_row&#8221; overlay_dotted=&#8221;&#8221; css=&#8221;.vc_custom_1545739907630{padding-bottom: 2% !important;background-color: #f9f9f9 !important;}&#8221;][vc_column offset=&#8221;vc_col-lg-6 vc_col-md-6&#8243; css=&#8221;.vc_custom_1544015043596{padding-top: 0px !important;}&#8221;]<div class=\"experience-item hanor-item hanor-experience-69fa3b29c3897 \">\n                <div class=\"hanor-icon\"><i class=\"fa fa-trophy\"><\/i><\/div>\n                <div class=\"experience-info\"><h4 class=\"experience-title\">CERTIFICADOS<\/h4><p>Possu\u00edmos cadastramento nos \u00f3rg\u00e3os competentes, como Minist\u00e9rio do Ex\u00e9rcito, Minist\u00e9rio da Agricultura e Anvisa<\/p><\/div>\n              <\/div>[\/vc_column][vc_column offset=&#8221;vc_col-lg-6 vc_col-md-6&#8243; css=&#8221;.vc_custom_1544015058348{padding-top: 0px !important;}&#8221;]<div class=\"experience-item hanor-item hanor-experience-69fa3b29c38ba \">\n                <div class=\"hanor-icon\"><i class=\"fa fa-globe\"><\/i><\/div>\n                <div class=\"experience-info\"><h4 class=\"experience-title\">EXPORTA\u00c7\u00c3O E IMPORTA\u00c7\u00c3O<\/h4><p>Fornecemos uma completa e profissional Assessoria Aduaneira para sua primeira exporta\u00e7\u00e3o ou importa\u00e7\u00e3o<\/p><\/div>\n              <\/div>[\/vc_column][\/vc_row][vc_row full_width=&#8221;stretch_row&#8221; overlay_dotted=&#8221;&#8221; css=&#8221;.vc_custom_1545987361918{padding-top: 8% !important;padding-bottom: 11% !important;}&#8221;][vc_column]<div class=\"hanor-section-title section-title-one hanor-stitle-69fa3b29c38cb-saiba-quais-sao-os-nossos-servicos cpation-center \"><h2 class=\"section-title\">SAIBA QUAIS S\u00c3O OS NOSSOS SERVI\u00c7OS<\/h2><p>Entre em contato para esclarecermos todas as suas d\u00favidas<\/p><\/div><div class=\"hanor-feature featured-style-one hanor-featured-content-69fa3b29c3901\">\n                <div class=\"featured-wrap\"><div class=\"row\"><div class=\"col-lg-4 col-md-4 col-sm-6\"><div class=\"featured-item\"><div class=\"hanor-image\"><img src=\"https:\/\/supportcargo.com.br\/wp-content\/uploads\/2021\/07\/7.png\" alt=\"\"><\/div><div class=\"featured-content-wrap\"><div class=\"featured-title\">COTA\u00c7\u00c3O PARA CARGA MAR\u00cdTIMA<\/div><\/div><\/div><\/div><div class=\"col-lg-4 col-md-4 col-sm-6\"><div class=\"featured-item\"><div class=\"hanor-image\"><img src=\"https:\/\/supportcargo.com.br\/wp-content\/uploads\/2021\/07\/5.png\" alt=\"\"><\/div><div class=\"featured-content-wrap\"><div class=\"featured-title\">AGENCIAMENTO DE CARGAS A\u00c9REAS<\/div><\/div><\/div><\/div><div class=\"col-lg-4 col-md-4 col-sm-6\"><div class=\"featured-item\"><div class=\"hanor-image\"><img src=\"https:\/\/supportcargo.com.br\/wp-content\/uploads\/2021\/07\/3.png\" alt=\"\"><\/div><div class=\"featured-content-wrap\"><div class=\"featured-title\">DESEMBARA\u00c7O ADUANEIRO PARA EXPORTA\u00c7\u00c3O E IMPORTA\u00c7\u00c3O<\/div><\/div><\/div><\/div><div class=\"col-lg-4 col-md-4 col-sm-6\"><div class=\"featured-item\"><div class=\"hanor-image\"><img src=\"https:\/\/supportcargo.com.br\/wp-content\/uploads\/2021\/07\/4.png\" alt=\"\"><\/div><div class=\"featured-content-wrap\"><div class=\"featured-title\">SEGURO INTERNACIONAL PARA SUAS CARGAS<\/div><\/div><\/div><\/div><div class=\"col-lg-4 col-md-4 col-sm-6\"><div class=\"featured-item\"><div class=\"hanor-image\"><img src=\"https:\/\/supportcargo.com.br\/wp-content\/uploads\/2019\/08\/1k.jpg\" alt=\"\"><\/div><div class=\"featured-content-wrap\"><div class=\"featured-title\">DOCUMENTA\u00c7\u00c3O PARA CREDENCIAMENTO NO RADAR DA RECEITA FEDERAL\u200b<\/div><\/div><\/div><\/div><div class=\"col-lg-4 col-md-4 col-sm-6\"><div class=\"featured-item\"><div class=\"hanor-image\"><img src=\"https:\/\/supportcargo.com.br\/wp-content\/uploads\/2021\/07\/6.png\" alt=\"\"><\/div><div class=\"featured-content-wrap\"><div class=\"featured-title\">PROCESSO DE BAGAGEM DESACOMPANHADA<\/div><\/div><\/div><\/div><\/div><\/div><\/div>[\/vc_column][\/vc_row][vc_row full_width=&#8221;stretch_row&#8221; parallax=&#8221;content-moving&#8221; parallax_image=&#8221;3344&#8243; parallax_speed_bg=&#8221;1.0&#8243; overlay_dotted=&#8221;true&#8221; css=&#8221;.vc_custom_1545977033582{padding-top: 9% !important;padding-bottom: 10% !important;background-image: url(http:\/\/victorthemes.com\/themes\/havnor\/wp-content\/uploads\/2019\/01\/service-bg-image.jpg?id=2869) !important;background-position: center;background-repeat: no-repeat;background-size:cover;}&#8221; overlay_color=&#8221;rgba(10,20,41,0.77)&#8221;][vc_column css=&#8221;.vc_custom_1530785009170{padding-top: 0px !important;}&#8221;]<div class=\"hanor-subscribe  hanor-form-69fa3b29c652e\">\n                  <div class=\"hanor-section-title\"><h2 class=\"section-title\">Entre em Contato e Fa\u00e7a uma Cota\u00e7\u00e3o<\/h2><p>Oferecemos Conhecimento e Seguran\u00e7a para conquistar a sua Confian\u00e7a!!!<\/p><\/div>\n                  <div class=\"hanor-container\"><div role=\"form\" class=\"wpcf7\" id=\"wpcf7-f5125-o1\" lang=\"en-US\" dir=\"ltr\">\n<div class=\"screen-reader-response\"><\/div>\n<form action=\"\/index.php\/wp-json\/wp\/v2\/pages\/393#wpcf7-f5125-o1\" method=\"post\" class=\"wpcf7-form\" novalidate=\"novalidate\">\n<div style=\"display: none;\">\n<input type=\"hidden\" name=\"_wpcf7\" value=\"5125\" \/>\n<input type=\"hidden\" name=\"_wpcf7_version\" value=\"5.1.3\" \/>\n<input type=\"hidden\" name=\"_wpcf7_locale\" value=\"en_US\" \/>\n<input type=\"hidden\" name=\"_wpcf7_unit_tag\" value=\"wpcf7-f5125-o1\" \/>\n<input type=\"hidden\" name=\"_wpcf7_container_post\" value=\"0\" \/>\n<\/div>\n<div class=\"project-inquiry-form\">\n<div class=\"row\">\n<div class=\"col-md-6\"><span class=\"wpcf7-form-control-wrap first-name\"><input type=\"text\" name=\"first-name\" value=\"\" size=\"40\" class=\"wpcf7-form-control wpcf7-text wpcf7-validates-as-required\" aria-required=\"true\" aria-invalid=\"false\" placeholder=\"Nome\" \/><\/span><\/div>\n<div class=\"col-md-6\"><span class=\"wpcf7-form-control-wrap last-name\"><input type=\"text\" name=\"last-name\" value=\"\" size=\"40\" class=\"wpcf7-form-control wpcf7-text wpcf7-validates-as-required\" aria-required=\"true\" aria-invalid=\"false\" placeholder=\"Sobrenome\" \/><\/span><\/div>\n<div class=\"col-md-12\"><span class=\"wpcf7-form-control-wrap title-text\"><input type=\"text\" name=\"title-text\" value=\"\" size=\"40\" class=\"wpcf7-form-control wpcf7-text wpcf7-validates-as-required\" aria-required=\"true\" aria-invalid=\"false\" placeholder=\"Tipo de Servi\u00e7o\" \/><\/span><\/div>\n<div class=\"col-md-12\"><span class=\"wpcf7-form-control-wrap company-name\"><input type=\"text\" name=\"company-name\" value=\"\" size=\"40\" class=\"wpcf7-form-control wpcf7-text wpcf7-validates-as-required\" aria-required=\"true\" aria-invalid=\"false\" placeholder=\"Empresa\" \/><\/span><\/div>\n<div class=\"col-md-12\"><span class=\"wpcf7-form-control-wrap your-email\"><input type=\"email\" name=\"your-email\" value=\"\" size=\"40\" class=\"wpcf7-form-control wpcf7-text wpcf7-email wpcf7-validates-as-required wpcf7-validates-as-email\" aria-required=\"true\" aria-invalid=\"false\" placeholder=\"Email\" \/><\/span><\/div>\n<div class=\"col-md-12\"><span class=\"wpcf7-form-control-wrap phone-number\"><input type=\"text\" name=\"phone-number\" value=\"\" size=\"40\" class=\"wpcf7-form-control wpcf7-text wpcf7-validates-as-required\" aria-required=\"true\" aria-invalid=\"false\" placeholder=\"Telefone\" \/><\/span><\/div>\n<div class=\"col-md-12\"><span class=\"wpcf7-form-control-wrap your-subject\"><input type=\"text\" name=\"your-subject\" value=\"\" size=\"40\" class=\"wpcf7-form-control wpcf7-text wpcf7-validates-as-required\" aria-required=\"true\" aria-invalid=\"false\" placeholder=\"Localiza\u00e7\u00e3o\" \/><\/span><\/div>\n<div class=\"col-md-12\"><span class=\"wpcf7-form-control-wrap your-message\"><textarea name=\"your-message\" cols=\"40\" rows=\"10\" class=\"wpcf7-form-control wpcf7-textarea\" aria-invalid=\"false\" placeholder=\"Mensagem\"><\/textarea><\/span><\/div>\n<div class=\"col-md-4\"><input type=\"submit\" value=\"Enviar\" class=\"wpcf7-form-control wpcf7-submit\" \/><\/div>\n<\/div>\n<\/div>\n<div class=\"wpcf7-response-output wpcf7-display-none\"><\/div><\/form><\/div>\n<\/div>\n                <\/div>[\/vc_column][\/vc_row]<\/p>\n","protected":false},"excerpt":{"rendered":"[vc_row full_width=&#8221;stretch_row&#8221; overlay_dotted=&#8221;&#8221; css=&#8221;.vc_custom_1567648638130{padding-top: 6% !important;background-color: #f9f9f9 !important;}&#8221;][vc_column text_alignment=&#8221;text-center&#8221; css=&#8221;.vc_custom_1567648747424{padding-left: 1px !important;}&#8221;][\/vc_column][\/vc_row][vc_row full_width=&#8221;stretch_row&#8221; overlay_dotted=&#8221;&#8221; css=&#8221;.vc_custom_1544009065903{background-color: #f9f9f9 !important;}&#8221;][vc_column offset=&#8221;vc_col-lg-6 vc_col-md-6&#8243;][\/vc_column][vc_column offset=&#8221;vc_col-lg-6 vc_col-md-6&#8243;][\/vc_column][\/vc_row][vc_row full_width=&#8221;stretch_row&#8221; overlay_dotted=&#8221;&#8221; css=&#8221;.vc_custom_1545739907630{padding-bottom: 2% !important;background-color: #f9f9f9 !important;}&#8221;][vc_column offset=&#8221;vc_col-lg-6 vc_col-md-6&#8243; css=&#8221;.vc_custom_1544015043596{padding-top: 0px !important;}&#8221;][\/vc_column][vc_column offset=&#8221;vc_col-lg-6 vc_col-md-6&#8243; css=&#8221;.vc_custom_1544015058348{padding-top: 0px !important;}&#8221;][\/vc_column][\/vc_row][vc_row full_width=&#8221;stretch_row&#8221; overlay_dotted=&#8221;&#8221; css=&#8221;.vc_custom_1545987361918{padding-top: 8% !important;padding-bottom: 11% !important;}&#8221;][vc_column][\/vc_column][\/vc_row][vc_row full_width=&#8221;stretch_row&#8221; parallax=&#8221;content-moving&#8221; parallax_image=&#8221;3344&#8243; parallax_speed_bg=&#8221;1.0&#8243; overlay_dotted=&#8221;true&#8221; css=&#8221;.vc_custom_1545977033582{padding-top: 9% !important;padding-bottom: 10% !important;background-image:&#8230;","protected":false},"author":2,"featured_media":0,"parent":0,"menu_order":0,"comment_status":"closed","ping_status":"closed","template":"","meta":[],"_links":{"self":[{"href":"https:\/\/supportcargo.com.br\/index.php\/wp-json\/wp\/v2\/pages\/393"}],"collection":[{"href":"https:\/\/supportcargo.com.br\/index.php\/wp-json\/wp\/v2\/pages"}],"about":[{"href":"https:\/\/supportcargo.com.br\/index.php\/wp-json\/wp\/v2\/types\/page"}],"author":[{"embeddable":true,"href":"https:\/\/supportcargo.com.br\/index.php\/wp-json\/wp\/v2\/users\/2"}],"replies":[{"embeddable":true,"href":"https:\/\/supportcargo.com.br\/index.php\/wp-json\/wp\/v2\/comments?post=393"}],"version-history":[{"count":79,"href":"https:\/\/supportcargo.com.br\/index.php\/wp-json\/wp\/v2\/pages\/393\/revisions"}],"predecessor-version":[{"id":5454,"href":"https:\/\/supportcargo.com.br\/index.php\/wp-json\/wp\/v2\/pages\/393\/revisions\/5454"}],"wp:attachment":[{"href":"https:\/\/supportcargo.com.br\/index.php\/wp-json\/wp\/v2\/media?parent=393"}],"curies":[{"name":"wp","href":"https:\/\/api.w.org\/{rel}","templated":true}]}}